{"id":350,"date":"2019-10-17T09:23:21","date_gmt":"2019-10-17T08:23:21","guid":{"rendered":"https:\/\/naujagimiolizdelis.lt\/?page_id=350"},"modified":"2020-08-20T14:07:33","modified_gmt":"2020-08-20T13:07:33","slug":"naujagimio-lizdelis","status":"publish","type":"page","link":"https:\/\/naujagimiolizdelis.lt\/","title":{"rendered":"Naujagimio lizdelis"},"content":{"rendered":"<p>[et_pb_section fb_built=&#8221;1&#8243; fullwidth=&#8221;on&#8221; admin_label=&#8221;Header&#8221; _builder_version=&#8221;3.29.3&#8243; background_enable_image=&#8221;off&#8221; box_shadow_style=&#8221;preset7&#8243; box_shadow_horizontal=&#8221;0px&#8221; box_shadow_vertical=&#8221;-80px&#8221; box_shadow_color=&#8221;#000000&#8243;][et_pb_fullwidth_image src=&#8221;https:\/\/naujagimiolizdelis.lt\/wp-content\/uploads\/2019\/06\/DSC_2941.jpg&#8221; _builder_version=&#8221;3.29.3&#8243;][\/et_pb_fullwidth_image][\/et_pb_section][et_pb_section fb_built=&#8221;1&#8243; _builder_version=&#8221;3.29.3&#8243; custom_margin=&#8221;||1px|||&#8221; custom_padding=&#8221;4px||0px|||&#8221; bottom_divider_color=&#8221;#e48ea5&#8243; bottom_divider_height=&#8221;20px&#8221;][et_pb_row _builder_version=&#8221;3.29.3&#8243;][et_pb_column type=&#8221;4_4&#8243; _builder_version=&#8221;3.29.3&#8243;][et_pb_text _builder_version=&#8221;4.0.7&#8243; text_font=&#8221;Montserrat||||||||&#8221; text_font_size=&#8221;42px&#8221; custom_margin=&#8221;-1px||||false|false&#8221; custom_margin_tablet=&#8221;&#8221; custom_margin_phone=&#8221;0px||||false|false&#8221; custom_margin_last_edited=&#8221;on|phone&#8221; custom_padding=&#8221;||0px||false|false&#8221; custom_padding_tablet=&#8221;&#8221; custom_padding_phone=&#8221;0px||0px||false|false&#8221; custom_padding_last_edited=&#8221;on|phone&#8221; text_font_size_tablet=&#8221;30px&#8221; text_font_size_phone=&#8221;30px&#8221; text_font_size_last_edited=&#8221;on|phone&#8221; text_line_height_tablet=&#8221;&#8221; text_line_height_phone=&#8221;1.2em&#8221; text_line_height_last_edited=&#8221;on|phone&#8221;]<\/p>\n<p style=\"text-align: center;\">NAUJAGIMIO LIZDELIS<\/p>\n<p>[\/et_pb_text][et_pb_text _builder_version=&#8221;3.29.3&#8243; text_font=&#8221;Montserrat||||||||&#8221; text_font_size=&#8221;28px&#8221; custom_margin=&#8221;||19px|||&#8221; text_font_size_tablet=&#8221;20px&#8221; text_font_size_phone=&#8221;19px&#8221; text_font_size_last_edited=&#8221;on|phone&#8221;]<\/p>\n<p style=\"text-align: center;\">Ideali vieta naujagimio miegui ir poilsiui!<\/p>\n<p>[\/et_pb_text][et_pb_text _builder_version=&#8221;3.29.3&#8243; text_font=&#8221;Montserrat||||||||&#8221; text_font_size=&#8221;28px&#8221; text_line_height=&#8221;1.8em&#8221; text_font_size_tablet=&#8221;20px&#8221; text_font_size_phone=&#8221;19px&#8221; text_font_size_last_edited=&#8221;on|desktop&#8221;]<\/p>\n<p style=\"text-align: center;\">Ma\u017eylis jau\u010diasi saugus lyg mamos pilve, tod\u0117l miega ramiai, nesibla\u0161kydamas!<\/p>\n<p>[\/et_pb_text][et_pb_button button_url=&#8221;https:\/\/www.mazyliodovana.eu\/lizdelis-naujagimiui-65&#8243; button_text=&#8221;U\u017dSISAKYK DABAR&#8221; button_alignment=&#8221;center&#8221; _builder_version=&#8221;4.0.7&#8243; custom_button=&#8221;on&#8221; button_text_size=&#8221;22px&#8221; button_text_color=&#8221;#ffffff&#8221; button_bg_color=&#8221;#b25476&#8243; button_border_width=&#8221;2px&#8221; button_border_color=&#8221;#b25476&#8243; button_border_radius=&#8221;6px&#8221; background_layout=&#8221;dark&#8221; button_text_size_tablet=&#8221;&#8221; button_text_size_phone=&#8221;20px&#8221; button_text_size_last_edited=&#8221;on|phone&#8221;][\/et_pb_button][\/et_pb_column][\/et_pb_row][\/et_pb_section][et_pb_section fb_built=&#8221;1&#8243; _builder_version=&#8221;4.0.7&#8243; use_background_color_gradient=&#8221;on&#8221; background_color_gradient_start=&#8221;#ffffff&#8221; background_color_gradient_end=&#8221;#fafafa&#8221; background_color_gradient_direction=&#8221;90deg&#8221; custom_padding=&#8221;0px||3px|||&#8221; bottom_divider_color=&#8221;#b25476&#8243; bottom_divider_height=&#8221;37px&#8221;][et_pb_row _builder_version=&#8221;3.29.3&#8243;][et_pb_column type=&#8221;4_4&#8243; _builder_version=&#8221;3.29.3&#8243;][et_pb_text _builder_version=&#8221;3.29.3&#8243; text_font=&#8221;Montserrat||||||||&#8221; text_font_size=&#8221;28px&#8221; text_font_size_tablet=&#8221;20px&#8221; text_font_size_phone=&#8221;19px&#8221; text_font_size_last_edited=&#8221;on|phone&#8221;]<\/p>\n<p style=\"text-align: center;\">RAMUS K\u016aDIKIO MIEGAS<\/p>\n<p>[\/et_pb_text][\/et_pb_column][\/et_pb_row][et_pb_row column_structure=&#8221;1_2,1_2&#8243; _builder_version=&#8221;3.29.3&#8243;][et_pb_column type=&#8221;1_2&#8243; _builder_version=&#8221;3.29.3&#8243;][et_pb_image src=&#8221;https:\/\/naujagimiolizdelis.lt\/wp-content\/uploads\/2019\/06\/ramus_kudikio_miegas_mdov.jpg&#8221; _builder_version=&#8221;3.29.3&#8243;][\/et_pb_image][\/et_pb_column][et_pb_column type=&#8221;1_2&#8243; _builder_version=&#8221;3.29.3&#8243;][et_pb_text _builder_version=&#8221;4.5.7&#8243; text_font=&#8221;Montserrat||||||||&#8221; text_font_size=&#8221;17px&#8221; text_line_height=&#8221;1.8em&#8221; hover_enabled=&#8221;0&#8243; text_font_size_tablet=&#8221;17px&#8221; text_font_size_phone=&#8221;15px&#8221; text_font_size_last_edited=&#8221;on|desktop&#8221;]<\/p>\n<p style=\"text-align: justify;\">9 m\u0117nesius k\u016bdikis augo mamos pilve, buvo saugus, apgaubtas jos \u0161iluma ir staiga jo aplinka visi\u0161kai pasikei\u010dia! Naujagimis i\u0161gyvena didel\u012f stres\u0105, jam reikia laiko prisitaikyti prie naujos aplinkos. Paguldytas \u012f lizdel\u012f, k\u016bdikis v\u0117l pajau\u010dia pana\u0161\u0173 jaukumo jausm\u0105 lyg mamos pilve, d\u0117l to miega ramiai ir nesibla\u0161ko.<\/p>\n<p>[\/et_pb_text][\/et_pb_column][\/et_pb_row][\/et_pb_section][et_pb_section fb_built=&#8221;1&#8243; _builder_version=&#8221;4.0.7&#8243; use_background_color_gradient=&#8221;on&#8221; background_color_gradient_start=&#8221;#fafafa&#8221; background_color_gradient_end=&#8221;#ffffff&#8221; background_color_gradient_direction=&#8221;90deg&#8221; custom_margin=&#8221;||-1px|||&#8221; custom_padding=&#8221;0px||2px|||&#8221; bottom_divider_color=&#8221;#b25476&#8243; bottom_divider_height=&#8221;37px&#8221;][et_pb_row _builder_version=&#8221;3.29.3&#8243;][et_pb_column type=&#8221;4_4&#8243; _builder_version=&#8221;3.29.3&#8243;][et_pb_text _builder_version=&#8221;3.29.3&#8243; text_font=&#8221;Montserrat||||||||&#8221; text_font_size=&#8221;28px&#8221; text_font_size_tablet=&#8221;20px&#8221; text_font_size_phone=&#8221;19px&#8221; text_font_size_last_edited=&#8221;on|phone&#8221;]<\/p>\n<p style=\"text-align: center;\">KLIEN\u010cI\u0172 ATSILIEPIMAI<\/p>\n<p>[\/et_pb_text][\/et_pb_column][\/et_pb_row][et_pb_row column_structure=&#8221;1_4,1_4,1_4,1_4&#8243; _builder_version=&#8221;3.29.3&#8243;][et_pb_column type=&#8221;1_4&#8243; _builder_version=&#8221;3.29.3&#8243;][et_pb_testimonial author=&#8221;Simona&#8221; portrait_url=&#8221;https:\/\/naujagimiolizdelis.lt\/wp-content\/uploads\/2019\/06\/testimonial_4.jpg&#8221; _builder_version=&#8221;3.29.3&#8243; body_font=&#8221;Montserrat||||||||&#8221; background_color=&#8221;#d8a9ba&#8221; body_font_size_tablet=&#8221;&#8221; body_font_size_phone=&#8221;&#8221; body_font_size_last_edited=&#8221;on|desktop&#8221;]<\/p>\n<p style=\"text-align: justify;\">Prad\u017eioj dar svars\u010diau ar tikrai reikalingas daiktas, bet gavome dovan\u0173 ir negaliu atsid\u017eiaugti. \ud83d\ude42 Nuo pirm\u0173j\u0173 dien\u0173 m\u016bs\u0173 mergyt\u0117 tik lizdelyje miega, kadangi kol kas loveleje nesimiega :-), tai labai patogu ir saugu migdyti lizdelyje savo lovoje :-). Dienos metu labai puikiai miega lizdelyje svetaineje :-). Kadangi mergina auk\u0161ta, tai super dalykas, kad galima atri\u0161ti rai\u0161telius lizdelio apa\u010dioje ir jis gerokai padid\u0117ja. \ud83d\ude42<\/p>\n<p>[\/et_pb_testimonial][\/et_pb_column][et_pb_column type=&#8221;1_4&#8243; _builder_version=&#8221;3.29.3&#8243;][et_pb_testimonial author=&#8221;Monika&#8221; portrait_url=&#8221;https:\/\/naujagimiolizdelis.lt\/wp-content\/uploads\/2019\/06\/testimonial_2.jpg&#8221; _builder_version=&#8221;3.29.3&#8243; body_font=&#8221;Montserrat||||||||&#8221; background_color=&#8221;#d8a9ba&#8221; body_font_size_tablet=&#8221;&#8221; body_font_size_phone=&#8221;&#8221; body_font_size_last_edited=&#8221;on|desktop&#8221;]<\/p>\n<p style=\"text-align: justify;\">Puikus dalykas ypa\u010d k\u0105 tik gimusiam vaiku\u010diui \ud83d\ude42 Naudojome j\u012f visur, d\u0117jome \u012f lovyt\u0119 naktiniam miegui ir kitose vietose d\u0117l saugumo, kad nenusirident\u0173 ir pana\u0161iai&#8230; O be to ir pa\u010diam vaiku\u010diui \u017eymiai patogiau, mink\u0161\u010diau ir jaukiau \ud83d\ude42<\/p>\n<p>[\/et_pb_testimonial][\/et_pb_column][et_pb_column type=&#8221;1_4&#8243; _builder_version=&#8221;3.29.3&#8243;][et_pb_testimonial author=&#8221;Egl\u0117&#8221; portrait_url=&#8221;https:\/\/naujagimiolizdelis.lt\/wp-content\/uploads\/2019\/06\/testimonial_1.jpg&#8221; _builder_version=&#8221;3.29.3&#8243; body_font=&#8221;Montserrat||||||||&#8221; background_color=&#8221;#d8a9ba&#8221; body_font_size_tablet=&#8221;&#8221; body_font_size_phone=&#8221;&#8221; body_font_size_last_edited=&#8221;on|desktop&#8221;]<\/p>\n<p style=\"text-align: justify;\">Tikrai puikus daiktas \ud83d\ude42 mums 4 m\u0117nesiai ir vis dar naudojame \ud83d\ude42 I\u0161 prad\u017ei\u0173 leliuk\u0105 migd\u0117me lizdelyje pas save lovoje, manau tai daug saugiau nei paprastai, o dabar kai s\u016bnelis miega savo lovyt\u0117je dedame ir \u012f lovyt\u0119. Lizdelyje miega daug ramiau nei be jo. \ud83d\ude42<\/p>\n<p>[\/et_pb_testimonial][\/et_pb_column][et_pb_column type=&#8221;1_4&#8243; _builder_version=&#8221;3.29.3&#8243;][et_pb_testimonial author=&#8221;Monika&#8221; portrait_url=&#8221;https:\/\/naujagimiolizdelis.lt\/wp-content\/uploads\/2019\/06\/testimonial_3.jpg&#8221; _builder_version=&#8221;3.29.3&#8243; body_font=&#8221;Montserrat||||||||&#8221; background_color=&#8221;#d8a9ba&#8221; body_font_size_tablet=&#8221;&#8221; body_font_size_phone=&#8221;&#8221; body_font_size_last_edited=&#8221;on|desktop&#8221;]<\/p>\n<p style=\"text-align: justify;\">Puikus daiktas! Mums tuoj bus du m\u0117nesiai ir vis dar ji naudojame, leliukas puikiai miega ir jau\u010diasi, be to patogu ir \u0161ilta leliukui! Antram vaikui b\u016btinai pirksiu v\u0117l lizdel\u012f \ud83d\ude42<\/p>\n<p>[\/et_pb_testimonial][\/et_pb_column][\/et_pb_row][\/et_pb_section][et_pb_section fb_built=&#8221;1&#8243; _builder_version=&#8221;4.0.7&#8243; use_background_color_gradient=&#8221;on&#8221; background_color_gradient_start=&#8221;#ffffff&#8221; background_color_gradient_end=&#8221;#fafafa&#8221; background_color_gradient_direction=&#8221;90deg&#8221; custom_padding=&#8221;0px||5px|||&#8221; bottom_divider_color=&#8221;#b25476&#8243; bottom_divider_height=&#8221;119px&#8221; locked=&#8221;off&#8221;][et_pb_row _builder_version=&#8221;3.29.3&#8243;][et_pb_column type=&#8221;4_4&#8243; _builder_version=&#8221;3.29.3&#8243;][et_pb_text _builder_version=&#8221;3.29.3&#8243; text_font=&#8221;Montserrat||||||||&#8221; text_font_size=&#8221;28px&#8221; text_font_size_tablet=&#8221;20px&#8221; text_font_size_phone=&#8221;19px&#8221; text_font_size_last_edited=&#8221;on|phone&#8221;]<\/p>\n<p style=\"text-align: center;\">PA\u017d\u012eSTAMA MIEGO ERDV\u0116<\/p>\n<p>[\/et_pb_text][\/et_pb_column][\/et_pb_row][et_pb_row column_structure=&#8221;1_2,1_2&#8243; _builder_version=&#8221;3.29.3&#8243;][et_pb_column type=&#8221;1_2&#8243; _builder_version=&#8221;3.29.3&#8243;][et_pb_image src=&#8221;https:\/\/naujagimiolizdelis.lt\/wp-content\/uploads\/2019\/06\/pazistama_miego_erdve.jpg&#8221; _builder_version=&#8221;3.29.3&#8243;][\/et_pb_image][\/et_pb_column][et_pb_column type=&#8221;1_2&#8243; _builder_version=&#8221;3.29.3&#8243;][et_pb_text _builder_version=&#8221;4.5.7&#8243; text_font=&#8221;Montserrat||||||||&#8221; text_font_size=&#8221;17px&#8221; text_line_height=&#8221;1.8em&#8221; custom_margin=&#8221;||11px|||&#8221; hover_enabled=&#8221;0&#8243; text_font_size_tablet=&#8221;17px&#8221; text_font_size_phone=&#8221;15px&#8221; text_font_size_last_edited=&#8221;on|desktop&#8221;]<\/p>\n<p style=\"text-align: justify;\">Lizdelis yra patogus tuo, kad j\u012f galima kilnoti ir ne\u0161ti ten, kur Jums patogu. K\u016bdikis b\u016bdamas jame visada jau\u010diasi saugiai, komforti\u0161kai, kadangi jau\u010dia savo pa\u017e\u012fstam\u0105 erdv\u0119.<br \/> Naujagimo lizdel\u012f galima naudoti labai \u012fvairiai:<\/p>\n<p>[\/et_pb_text][et_pb_text _builder_version=&#8221;4.5.7&#8243; text_font=&#8221;Montserrat||||||||&#8221; text_font_size=&#8221;17px&#8221; text_line_height=&#8221;1.8em&#8221; custom_padding=&#8221;||0px|||&#8221; hover_enabled=&#8221;0&#8243; text_font_size_tablet=&#8221;17px&#8221; text_font_size_phone=&#8221;15px&#8221; text_font_size_last_edited=&#8221;on|desktop&#8221;]<\/p>\n<p>&#8211; \u012fd\u0117ti \u012f k\u016bdikio lovyt\u0119 ar lop\u0161\u012f;<br \/> &#8211; \u012fd\u0117ti \u012f ve\u017eim\u0117l\u012f;<br \/> &#8211; d\u0117ti ant sofos, lovos ar net kilimo;<\/p>\n<p>[\/et_pb_text][\/et_pb_column][\/et_pb_row][\/et_pb_section][et_pb_section fb_built=&#8221;1&#8243; _builder_version=&#8221;4.0.7&#8243; use_background_color_gradient=&#8221;on&#8221; background_color_gradient_start=&#8221;#fafafa&#8221; background_color_gradient_end=&#8221;#ffffff&#8221; background_color_gradient_direction=&#8221;90deg&#8221; custom_padding=&#8221;0px||4px|||&#8221; top_divider_height=&#8221;149px&#8221; bottom_divider_color=&#8221;#b25476&#8243; bottom_divider_height=&#8221;50px&#8221; locked=&#8221;off&#8221;][et_pb_row _builder_version=&#8221;3.29.3&#8243; custom_padding=&#8221;27px|||||&#8221;][et_pb_column type=&#8221;4_4&#8243; _builder_version=&#8221;3.29.3&#8243;][et_pb_text _builder_version=&#8221;3.29.3&#8243; text_font=&#8221;Montserrat||||||||&#8221; text_font_size=&#8221;28px&#8221; text_font_size_tablet=&#8221;20px&#8221; text_font_size_phone=&#8221;19px&#8221; text_font_size_last_edited=&#8221;on|phone&#8221;]<\/p>\n<p style=\"text-align: center;\">LENGVAI TRANSPORTUOJAMAS<\/p>\n<p>[\/et_pb_text][\/et_pb_column][\/et_pb_row][et_pb_row column_structure=&#8221;1_2,1_2&#8243; _builder_version=&#8221;3.29.3&#8243;][et_pb_column type=&#8221;1_2&#8243; _builder_version=&#8221;3.29.3&#8243;][et_pb_text _builder_version=&#8221;4.5.7&#8243; text_font=&#8221;Montserrat||||||||&#8221; text_font_size=&#8221;17px&#8221; text_line_height=&#8221;1.8em&#8221; custom_margin=&#8221;||11px|||&#8221; hover_enabled=&#8221;0&#8243; text_font_size_tablet=&#8221;17px&#8221; text_font_size_phone=&#8221;15px&#8221; text_font_size_last_edited=&#8221;on|desktop&#8221;]<\/p>\n<p style=\"text-align: justify;\">Naujagimio lizdelis yra supakuotas \u012f apvalkal\u0105, kuris su rankena, tad j\u012f lengva ve\u017etis kartu su savimi, kad ir kur keliaujate!<\/p>\n<p style=\"text-align: justify;\">Vykstant \u012f sve\u010dius ar trump\u0105 kelion\u0119 \u2013 jokio r\u016bpes\u010dio, kur k\u016bdikis miegos, joki\u0173 papildom\u0173 patiesim\u0173. Nors ir pasikei\u010dia aplinka, ta\u010diau lizdelio d\u0117ka ma\u017eylis gali miegoti \u0161alia t\u0117v\u0173, jausti j\u0173 artum\u0105 ir miega geriau naujoje vietoje.<\/p>\n<p style=\"text-align: justify;\">Tuo pa\u010diu sutaupote perteklinio baga\u017eo!<\/p>\n<p>[\/et_pb_text][\/et_pb_column][et_pb_column type=&#8221;1_2&#8243; _builder_version=&#8221;3.29.3&#8243;][et_pb_image src=&#8221;https:\/\/naujagimiolizdelis.lt\/wp-content\/uploads\/2019\/06\/lengvai_transportuojamas.jpg&#8221; _builder_version=&#8221;4.0.7&#8243;][\/et_pb_image][\/et_pb_column][\/et_pb_row][\/et_pb_section][et_pb_section fb_built=&#8221;1&#8243; _builder_version=&#8221;4.0.7&#8243; custom_margin=&#8221;||40px|||&#8221; custom_padding=&#8221;4px||0px|||&#8221; bottom_divider_color=&#8221;#e48ea5&#8243; bottom_divider_height=&#8221;20px&#8221; locked=&#8221;off&#8221;][et_pb_row _builder_version=&#8221;3.29.3&#8243;][et_pb_column type=&#8221;4_4&#8243; _builder_version=&#8221;3.29.3&#8243;][et_pb_text _builder_version=&#8221;4.0.7&#8243; text_font=&#8221;Montserrat||||||||&#8221; text_font_size=&#8221;42px&#8221; custom_margin=&#8221;-1px||||false|false&#8221; custom_margin_tablet=&#8221;&#8221; custom_margin_phone=&#8221;0px||||false|false&#8221; custom_margin_last_edited=&#8221;on|phone&#8221; custom_padding=&#8221;||0px||false|false&#8221; custom_padding_tablet=&#8221;&#8221; custom_padding_phone=&#8221;0px||0px||false|false&#8221; custom_padding_last_edited=&#8221;on|phone&#8221; text_font_size_tablet=&#8221;30px&#8221; text_font_size_phone=&#8221;30px&#8221; text_font_size_last_edited=&#8221;on|phone&#8221; text_line_height_tablet=&#8221;&#8221; text_line_height_phone=&#8221;1.2em&#8221; text_line_height_last_edited=&#8221;on|phone&#8221;]<\/p>\n<p style=\"text-align: center;\">NAUJAGIMIO LIZDELIS<\/p>\n<p>[\/et_pb_text][et_pb_text _builder_version=&#8221;3.29.3&#8243; text_font=&#8221;Montserrat||||||||&#8221; text_font_size=&#8221;28px&#8221; custom_margin=&#8221;||19px|||&#8221; text_font_size_tablet=&#8221;20px&#8221; text_font_size_phone=&#8221;19px&#8221; text_font_size_last_edited=&#8221;on|phone&#8221;]<\/p>\n<p style=\"text-align: center;\">Jauku, saugu, gra\u017eu, prakti\u0161ka!<\/p>\n<p>[\/et_pb_text][et_pb_text _builder_version=&#8221;3.29.3&#8243; text_font=&#8221;Montserrat||||||||&#8221; text_font_size=&#8221;28px&#8221; text_line_height=&#8221;1.8em&#8221; text_font_size_tablet=&#8221;20px&#8221; text_font_size_phone=&#8221;19px&#8221; text_font_size_last_edited=&#8221;on|desktop&#8221;]<\/p>\n<p style=\"text-align: center;\">Ramus k\u016bdikis \u2013 rami ir laiminga mama!<\/p>\n<p>[\/et_pb_text][et_pb_button button_url=&#8221;https:\/\/www.mazyliodovana.eu\/lizdelis-naujagimiui-65&#8243; button_text=&#8221;U\u017dSISAKYK DABAR&#8221; button_alignment=&#8221;center&#8221; _builder_version=&#8221;4.0.7&#8243; custom_button=&#8221;on&#8221; button_text_size=&#8221;22px&#8221; button_text_color=&#8221;#ffffff&#8221; button_bg_color=&#8221;#b25476&#8243; button_border_width=&#8221;2px&#8221; button_border_color=&#8221;#b25476&#8243; button_border_radius=&#8221;6px&#8221; background_layout=&#8221;dark&#8221; button_text_size_tablet=&#8221;&#8221; button_text_size_phone=&#8221;20px&#8221; button_text_size_last_edited=&#8221;on|phone&#8221; locked=&#8221;off&#8221;][\/et_pb_button][\/et_pb_column][\/et_pb_row][\/et_pb_section]<\/p>\n","protected":false},"excerpt":{"rendered":"<p>[et_pb_section fb_built=&#8221;1&#8243; fullwidth=&#8221;on&#8221; admin_label=&#8221;Header&#8221; _builder_version=&#8221;3.29.3&#8243; background_enable_image=&#8221;off&#8221; box_shadow_style=&#8221;preset7&#8243; box_shadow_horizontal=&#8221;0px&#8221; box_shadow_vertical=&#8221;-80px&#8221; box_shadow_color=&#8221;#000000&#8243;][et_pb_fullwidth_image src=&#8221;https:\/\/naujagimiolizdelis.lt\/wp-content\/uploads\/2019\/06\/DSC_2941.jpg&#8221; _builder_version=&#8221;3.29.3&#8243;][\/et_pb_fullwidth_image][\/et_pb_section][et_pb_section fb_built=&#8221;1&#8243; _builder_version=&#8221;3.29.3&#8243; custom_margin=&#8221;||1px|||&#8221; custom_padding=&#8221;4px||0px|||&#8221; bottom_divider_color=&#8221;#e48ea5&#8243; bottom_divider_height=&#8221;20px&#8221;][et_pb_row _builder_version=&#8221;3.29.3&#8243;][et_pb_column type=&#8221;4_4&#8243; _builder_version=&#8221;3.29.3&#8243;][et_pb_text _builder_version=&#8221;4.0.7&#8243; text_font=&#8221;Montserrat||||||||&#8221; text_font_size=&#8221;42px&#8221; custom_margin=&#8221;-1px||||false|false&#8221; custom_margin_tablet=&#8221;&#8221; custom_margin_phone=&#8221;0px||||false|false&#8221; custom_margin_last_edited=&#8221;on|phone&#8221; custom_padding=&#8221;||0px||false|false&#8221; custom_padding_tablet=&#8221;&#8221; custom_padding_phone=&#8221;0px||0px||false|false&#8221; custom_padding_last_edited=&#8221;on|phone&#8221; text_font_size_tablet=&#8221;30px&#8221; text_font_size_phone=&#8221;30px&#8221; text_font_size_last_edited=&#8221;on|phone&#8221; text_line_height_tablet=&#8221;&#8221; text_line_height_phone=&#8221;1.2em&#8221; text_line_height_last_edited=&#8221;on|phone&#8221;] NAUJAGIMIO LIZDELIS [\/et_pb_text][et_pb_text _builder_version=&#8221;3.29.3&#8243; text_font=&#8221;Montserrat||||||||&#8221; text_font_size=&#8221;28px&#8221; custom_margin=&#8221;||19px|||&#8221; text_font_size_tablet=&#8221;20px&#8221; text_font_size_phone=&#8221;19px&#8221; text_font_size_last_edited=&#8221;on|phone&#8221;] Ideali vieta naujagimio miegui ir poilsiui! [\/et_pb_text][et_pb_text [&hellip;]<\/p>\n","protected":false},"author":1,"featured_media":0,"parent":0,"menu_order":0,"comment_status":"closed","ping_status":"closed","template":"","meta":{"_et_pb_use_builder":"on","_et_pb_old_content":"","_et_gb_content_width":""},"yoast_head":"<!-- This site is optimized with the Yoast SEO plugin v14.8 - https:\/\/yoast.com\/wordpress\/plugins\/seo\/ -->\n<title>Naujagimio lizdelis | k\u016bdikio miego lizdelis | naujagimiolizdelis.lt<\/title>\n<meta name=\"description\" content=\"Naujagimio lizdelis, arba kitaip dar vadinamas k\u016bdikio miego lizdelis, skirtas ramiam k\u016bdikio miegui pirmaisiais ma\u017eylio gyvenimo m\u0117nesiais. \u010cia jis jau\u010diasi saugus lyg mamos pilve. \u010cia visada pa\u017e\u012fstama k\u016bdikio miego erdv\u0117, kad ir kur su lizdeliu bus paguldytas ma\u017eylis. Naujagimio lizdelis: ramus k\u016bdikis - rami ir laiminga mama!\" \/>\n<meta name=\"robots\" content=\"index, follow\" \/>\n<meta name=\"googlebot\" content=\"index, follow, max-snippet:-1, max-image-preview:large, max-video-preview:-1\" \/>\n<meta name=\"bingbot\" content=\"index, follow, max-snippet:-1, max-image-preview:large, max-video-preview:-1\" \/>\n<link rel=\"canonical\" href=\"https:\/\/naujagimiolizdelis.lt\/\" \/>\n<meta property=\"og:locale\" content=\"en_US\" \/>\n<meta property=\"og:type\" content=\"article\" \/>\n<meta property=\"og:title\" content=\"Naujagimio lizdelis | k\u016bdikio miego lizdelis | naujagimiolizdelis.lt\" \/>\n<meta property=\"og:description\" content=\"Naujagimio lizdelis, arba kitaip dar vadinamas k\u016bdikio miego lizdelis, skirtas ramiam k\u016bdikio miegui pirmaisiais ma\u017eylio gyvenimo m\u0117nesiais. \u010cia jis jau\u010diasi saugus lyg mamos pilve. \u010cia visada pa\u017e\u012fstama k\u016bdikio miego erdv\u0117, kad ir kur su lizdeliu bus paguldytas ma\u017eylis. Naujagimio lizdelis: ramus k\u016bdikis - rami ir laiminga mama!\" \/>\n<meta property=\"og:url\" content=\"https:\/\/naujagimiolizdelis.lt\/\" \/>\n<meta property=\"article:modified_time\" content=\"2020-08-20T13:07:33+00:00\" \/>\n<meta name=\"twitter:card\" content=\"summary_large_image\" \/>\n<script type=\"application\/ld+json\" class=\"yoast-schema-graph\">{\"@context\":\"https:\/\/schema.org\",\"@graph\":[{\"@type\":\"WebSite\",\"@id\":\"https:\/\/naujagimiolizdelis.lt\/#website\",\"url\":\"https:\/\/naujagimiolizdelis.lt\/\",\"name\":\"\",\"description\":\"naujagimiolizdelis.lt\",\"potentialAction\":[{\"@type\":\"SearchAction\",\"target\":\"https:\/\/naujagimiolizdelis.lt\/?s={search_term_string}\",\"query-input\":\"required name=search_term_string\"}],\"inLanguage\":\"en-US\"},{\"@type\":\"WebPage\",\"@id\":\"https:\/\/naujagimiolizdelis.lt\/#webpage\",\"url\":\"https:\/\/naujagimiolizdelis.lt\/\",\"name\":\"Naujagimio lizdelis | k\\u016bdikio miego lizdelis | naujagimiolizdelis.lt\",\"isPartOf\":{\"@id\":\"https:\/\/naujagimiolizdelis.lt\/#website\"},\"datePublished\":\"2019-10-17T08:23:21+00:00\",\"dateModified\":\"2020-08-20T13:07:33+00:00\",\"description\":\"Naujagimio lizdelis, arba kitaip dar vadinamas k\\u016bdikio miego lizdelis, skirtas ramiam k\\u016bdikio miegui pirmaisiais ma\\u017eylio gyvenimo m\\u0117nesiais. \\u010cia jis jau\\u010diasi saugus lyg mamos pilve. \\u010cia visada pa\\u017e\\u012fstama k\\u016bdikio miego erdv\\u0117, kad ir kur su lizdeliu bus paguldytas ma\\u017eylis. Naujagimio lizdelis: ramus k\\u016bdikis - rami ir laiminga mama!\",\"inLanguage\":\"en-US\",\"potentialAction\":[{\"@type\":\"ReadAction\",\"target\":[\"https:\/\/naujagimiolizdelis.lt\/\"]}]}]}<\/script>\n<!-- \/ Yoast SEO plugin. -->","_links":{"self":[{"href":"https:\/\/naujagimiolizdelis.lt\/index.php\/wp-json\/wp\/v2\/pages\/350"}],"collection":[{"href":"https:\/\/naujagimiolizdelis.lt\/index.php\/wp-json\/wp\/v2\/pages"}],"about":[{"href":"https:\/\/naujagimiolizdelis.lt\/index.php\/wp-json\/wp\/v2\/types\/page"}],"author":[{"embeddable":true,"href":"https:\/\/naujagimiolizdelis.lt\/index.php\/wp-json\/wp\/v2\/users\/1"}],"replies":[{"embeddable":true,"href":"https:\/\/naujagimiolizdelis.lt\/index.php\/wp-json\/wp\/v2\/comments?post=350"}],"version-history":[{"count":45,"href":"https:\/\/naujagimiolizdelis.lt\/index.php\/wp-json\/wp\/v2\/pages\/350\/revisions"}],"predecessor-version":[{"id":2895,"href":"https:\/\/naujagimiolizdelis.lt\/index.php\/wp-json\/wp\/v2\/pages\/350\/revisions\/2895"}],"wp:attachment":[{"href":"https:\/\/naujagimiolizdelis.lt\/index.php\/wp-json\/wp\/v2\/media?parent=350"}],"curies":[{"name":"wp","href":"https:\/\/api.w.org\/{rel}","templated":true}]}}